{"id":1716,"date":"2020-02-02T15:33:10","date_gmt":"2020-02-02T12:33:10","guid":{"rendered":"https:\/\/www.rinodent.istanbul\/iletisim\/"},"modified":"2023-08-17T13:46:42","modified_gmt":"2023-08-17T10:46:42","slug":"iletisim","status":"publish","type":"page","link":"https:\/\/www.rinodent.istanbul\/en\/iletisim\/","title":{"rendered":"Contact"},"content":{"rendered":"<div  class='flex_column av-bkhlw-f464fd0b0f339266e580a79582c2cc51 av_one_full  avia-builder-el-0  el_before_av_one_half  avia-builder-el-first  first flex_column_div  '     ><\/div>\n\n<style type=\"text\/css\" data-created_by=\"avia_inline_auto\" id=\"style-css-av-118or2-f8541021460564e99d94d058052b48b5\">\n.flex_column.av-118or2-f8541021460564e99d94d058052b48b5{\nborder-radius:0px 0px 0px 0px;\npadding:0px 0px 0px 0px;\n}\n<\/style>\n<div  class='flex_column av-118or2-f8541021460564e99d94d058052b48b5 av_one_half  avia-builder-el-2  el_after_av_one_full  el_before_av_one_half  first flex_column_div av-zero-column-padding  column-top-margin'     ><p><section  class='av_textblock_section av-k653yaoj-5b8dc82129bb86b3eb0c63d584143b9e '   itemscope=\"itemscope\" itemtype=\"https:\/\/schema.org\/CreativeWork\" ><div class='avia_textblock'  itemprop=\"text\" ><p><strong>MAKE AN APPOINTMENT<\/strong><br \/>\nSubmit the form, and we&#8217;ll call you to schedule an appointment.<\/p>\n<\/div><\/section><br \/>\n<form action=\"https:\/\/www.rinodent.istanbul\/en\/iletisim\/\" method=\"post\" data-fields-with-error=\"Found errors in the following field(s):\" class=\"avia_ajax_form av-form-labels-hidden   avia-builder-el-4  el_after_av_textblock  el_before_av_button  av-custom-form-color av-dark-form \" data-avia-form-id=\"1\" data-avia-redirect='https:\/\/www.rinodent.istanbul\/en\/' ><fieldset><p class='  first_form  form_element form_fullwidth' id='element_avia_1_1'><label for=\"avia_1_1\">Name <abbr class=\"required\" title=\"required\">*<\/abbr><\/label> <input name=\"avia_1_1\" class=\"text_input is_empty\" type=\"text\" id=\"avia_1_1\" value=\"\"  placeholder='Name*'\/><\/p><p class='  first_form  form_element form_fullwidth' id='element_avia_2_1'><label for=\"avia_2_1\">E-Mail <abbr class=\"required\" title=\"required\">*<\/abbr><\/label> <input name=\"avia_2_1\" class=\"text_input is_empty\" type=\"text\" id=\"avia_2_1\" value=\"\"  placeholder='E-Mail*'\/><\/p><p class='  first_form  form_element form_fullwidth' id='element_avia_3_1'><label for=\"avia_3_1\">Phone <abbr class=\"required\" title=\"required\">*<\/abbr><\/label> <input name=\"avia_3_1\" class=\"text_input is_phone\" type=\"text\" id=\"avia_3_1\" value=\"\"  placeholder='Phone*'\/><\/p><p class='  first_form  form_element form_fullwidth' id='element_avia_4_1'><label for=\"avia_4_1\" class=\"textare_label hidden textare_label_avia_4_1\">Message <abbr class=\"required\" title=\"required\">*<\/abbr><\/label><textarea  placeholder='Message*' name=\"avia_4_1\" class=\"text_area is_empty\" cols=\"40\" rows=\"7\" id=\"avia_4_1\" ><\/textarea><\/p><p class=\"hidden\"><input type=\"text\" name=\"avia_5_1\" class=\"hidden \" id=\"avia_5_1\" value=\"\" \/><\/p><p class='   form_element form_fullwidth av-last-visible-form-element' id='element_avia_6_1'><span class='value_verifier_label'>1 + 3 = ?<\/span><input name=\"avia_6_1_verifier\" type=\"hidden\" id=\"avia_6_1_verifier\" value=\"342173247\"\/><label for=\"avia_6_1\">Please prove that you are human by solving the equation <abbr class=\"required\" title=\"required\">*<\/abbr><\/label><input name=\"avia_6_1\" class=\"text_input captcha\" type=\"text\" id=\"avia_6_1\" value=\"\"\/><\/p><p class=' av_form_privacy_check av_contact_privacy_check first_form  form_element form_fullwidth' id='element_avia_7_1'><input  name=\"avia_7_1\" class=\"input_checkbox is_empty\" type=\"checkbox\" id=\"avia_7_1\" value=\"true\"\/><label class=\"input_checkbox_label\" for=\"avia_7_1\">Rinodent \u0130stanbul KVKK Ayd\u0131nlatma Metni'ni okudum; ileti\u015fim formunda payla\u015ft\u0131\u011f\u0131m ki\u015fisel verilerimin i\u015flenmesine a\u00e7\u0131k r\u0131za g\u00f6steriyorum. <abbr class=\"required\" title=\"required\">*<\/abbr><\/label><\/p><p class=\"form_element \"><input type=\"hidden\" value=\"1\" name=\"avia_generated_form1\" \/><input type=\"submit\" value=\"Send\" class=\"button\"  data-sending-label=\"Sending\"\/><\/p><\/fieldset><\/form><div id=\"ajaxresponse_1\" class=\"ajaxresponse ajaxresponse_1 hidden\"><\/div><br \/>\n<div  class='avia-button-wrap av-lldj3hpi-e522f59c7b8be688e45282ea4ee0176e-wrap avia-button-center  avia-builder-el-5  el_after_av_contact  avia-builder-el-last '><a href='https:\/\/www.rinodent.istanbul\/en\/gdpr-clarification-document\/'  class='avia-button av-lldj3hpi-e522f59c7b8be688e45282ea4ee0176e avia-icon_select-yes-left-icon avia-size-small avia-position-center avia-color-dark'  ><span class='avia_button_icon avia_button_icon_left' aria-hidden='true' data-av_icon='\ue80a' data-av_iconfont='entypo-fontello'><\/span><span class='avia_iconbox_title' >PRIVACY POLICY<\/span><\/a><\/div><\/p><\/div>\n<style type=\"text\/css\" data-created_by=\"avia_inline_auto\" id=\"style-css-av-238sam-9bc7667de8755018d7aaac5e199d1aef\">\n.flex_column.av-238sam-9bc7667de8755018d7aaac5e199d1aef{\nborder-radius:0px 0px 0px 0px;\npadding:0px 0px 0px 0px;\n}\n<\/style>\n<div  class='flex_column av-238sam-9bc7667de8755018d7aaac5e199d1aef av_one_half  avia-builder-el-6  el_after_av_one_half  avia-builder-el-last  flex_column_div av-zero-column-padding  column-top-margin'     ><p><section  class='av_textblock_section av-k650mz4y-9fccecc3fcfa6c04b49ed73d7d0a3c7a '   itemscope=\"itemscope\" itemtype=\"https:\/\/schema.org\/CreativeWork\" ><div class='avia_textblock'  itemprop=\"text\" ><p>R\u0130NODENT \u0130STANBUL \u00d6ZEL SA\u011eLIK H\u0130ZMETLER\u0130 LTD. \u015eT\u0130<br \/>\nK\u00fc\u00e7\u00fckbakkalk\u00f6y Mah. Preveze Sok. No. 15<br \/>\n34750 Ata\u015fehir \u0130stanbul<br \/>\nTel: 0216-455 69 35<\/p>\n<\/div><\/section><br \/>\n\n<style type=\"text\/css\" data-created_by=\"avia_inline_auto\" id=\"style-css-av-k650ie7u-767410cdae7d2bf06998d42101f5eb0f\">\n.avia-image-container.av-k650ie7u-767410cdae7d2bf06998d42101f5eb0f img.avia_image{\nbox-shadow:none;\n}\n.avia-image-container.av-k650ie7u-767410cdae7d2bf06998d42101f5eb0f .av-image-caption-overlay-center{\ncolor:#ffffff;\n}\n<\/style>\n<div  class='avia-image-container av-k650ie7u-767410cdae7d2bf06998d42101f5eb0f av-styling- avia-align-left  avia-builder-el-8  el_after_av_textblock  avia-builder-el-last '   itemprop=\"image\" itemscope=\"itemscope\" itemtype=\"https:\/\/schema.org\/ImageObject\" ><div class=\"avia-image-container-inner\"><div class=\"avia-image-overlay-wrap\"><img decoding=\"async\" class='wp-image-1603 avia-img-lazy-loading-not-1603 avia_image ' src=\"https:\/\/www.rinodent.istanbul\/wp-content\/uploads\/2020\/02\/rinodent-clinic.jpg\" alt='' title='Rinodent \u0130stanbul Klinik'  height=\"749\" width=\"1123\"  itemprop=\"thumbnailUrl\" srcset=\"https:\/\/www.rinodent.istanbul\/wp-content\/uploads\/2020\/02\/rinodent-clinic.jpg 1123w, https:\/\/www.rinodent.istanbul\/wp-content\/uploads\/2020\/02\/rinodent-clinic-300x200.jpg 300w, https:\/\/www.rinodent.istanbul\/wp-content\/uploads\/2020\/02\/rinodent-clinic-1030x687.jpg 1030w, https:\/\/www.rinodent.istanbul\/wp-content\/uploads\/2020\/02\/rinodent-clinic-768x512.jpg 768w, https:\/\/www.rinodent.istanbul\/wp-content\/uploads\/2020\/02\/rinodent-clinic-705x470.jpg 705w, https:\/\/www.rinodent.istanbul\/wp-content\/uploads\/2020\/02\/rinodent-clinic-450x300.jpg 450w\" sizes=\"(max-width: 1123px) 100vw, 1123px\" \/><\/div><\/div><\/div><\/p><\/div><\/p>\n","protected":false},"excerpt":{"rendered":"","protected":false},"author":1,"featured_media":0,"parent":0,"menu_order":0,"comment_status":"closed","ping_status":"closed","template":"","meta":[],"yoast_head":"<!-- This site is optimized with the Yoast SEO plugin v20.13 - https:\/\/yoast.com\/wordpress\/plugins\/seo\/ -->\n<title>Contact -<\/title>\n<meta name=\"robots\" content=\"index, follow, max-snippet:-1, max-image-preview:large, max-video-preview:-1\" \/>\n<link rel=\"canonical\" href=\"https:\/\/www.rinodent.istanbul\/en\/iletisim\/\" \/>\n<meta property=\"og:locale\" content=\"en_US\" \/>\n<meta property=\"og:type\" content=\"article\" \/>\n<meta property=\"og:title\" content=\"Contact -\" \/>\n<meta property=\"og:url\" content=\"https:\/\/www.rinodent.istanbul\/en\/iletisim\/\" \/>\n<meta property=\"article:modified_time\" content=\"2023-08-17T10:46:42+00:00\" \/>\n<meta name=\"twitter:card\" content=\"summary_large_image\" \/>\n<meta name=\"twitter:label1\" content=\"Est. reading time\" \/>\n\t<meta name=\"twitter:data1\" content=\"3 minutes\" \/>\n<script type=\"application\/ld+json\" class=\"yoast-schema-graph\">{\"@context\":\"https:\/\/schema.org\",\"@graph\":[{\"@type\":\"WebPage\",\"@id\":\"https:\/\/www.rinodent.istanbul\/en\/iletisim\/\",\"url\":\"https:\/\/www.rinodent.istanbul\/en\/iletisim\/\",\"name\":\"Contact -\",\"isPartOf\":{\"@id\":\"https:\/\/www.rinodent.istanbul\/en\/#website\"},\"datePublished\":\"2020-02-02T12:33:10+00:00\",\"dateModified\":\"2023-08-17T10:46:42+00:00\",\"breadcrumb\":{\"@id\":\"https:\/\/www.rinodent.istanbul\/en\/iletisim\/#breadcrumb\"},\"inLanguage\":\"en-US\",\"potentialAction\":[{\"@type\":\"ReadAction\",\"target\":[\"https:\/\/www.rinodent.istanbul\/en\/iletisim\/\"]}]},{\"@type\":\"BreadcrumbList\",\"@id\":\"https:\/\/www.rinodent.istanbul\/en\/iletisim\/#breadcrumb\",\"itemListElement\":[{\"@type\":\"ListItem\",\"position\":1,\"name\":\"Anasayfa\",\"item\":\"https:\/\/www.rinodent.istanbul\/en\/dentist\/\"},{\"@type\":\"ListItem\",\"position\":2,\"name\":\"Contact\"}]},{\"@type\":\"WebSite\",\"@id\":\"https:\/\/www.rinodent.istanbul\/en\/#website\",\"url\":\"https:\/\/www.rinodent.istanbul\/en\/\",\"name\":\"\",\"description\":\"\",\"potentialAction\":[{\"@type\":\"SearchAction\",\"target\":{\"@type\":\"EntryPoint\",\"urlTemplate\":\"https:\/\/www.rinodent.istanbul\/en\/?s={search_term_string}\"},\"query-input\":\"required name=search_term_string\"}],\"inLanguage\":\"en-US\"}]}<\/script>\n<!-- \/ Yoast SEO plugin. -->","yoast_head_json":{"title":"Contact -","robots":{"index":"index","follow":"follow","max-snippet":"max-snippet:-1","max-image-preview":"max-image-preview:large","max-video-preview":"max-video-preview:-1"},"canonical":"https:\/\/www.rinodent.istanbul\/en\/iletisim\/","og_locale":"en_US","og_type":"article","og_title":"Contact -","og_url":"https:\/\/www.rinodent.istanbul\/en\/iletisim\/","article_modified_time":"2023-08-17T10:46:42+00:00","twitter_card":"summary_large_image","twitter_misc":{"Est. reading time":"3 minutes"},"schema":{"@context":"https:\/\/schema.org","@graph":[{"@type":"WebPage","@id":"https:\/\/www.rinodent.istanbul\/en\/iletisim\/","url":"https:\/\/www.rinodent.istanbul\/en\/iletisim\/","name":"Contact -","isPartOf":{"@id":"https:\/\/www.rinodent.istanbul\/en\/#website"},"datePublished":"2020-02-02T12:33:10+00:00","dateModified":"2023-08-17T10:46:42+00:00","breadcrumb":{"@id":"https:\/\/www.rinodent.istanbul\/en\/iletisim\/#breadcrumb"},"inLanguage":"en-US","potentialAction":[{"@type":"ReadAction","target":["https:\/\/www.rinodent.istanbul\/en\/iletisim\/"]}]},{"@type":"BreadcrumbList","@id":"https:\/\/www.rinodent.istanbul\/en\/iletisim\/#breadcrumb","itemListElement":[{"@type":"ListItem","position":1,"name":"Anasayfa","item":"https:\/\/www.rinodent.istanbul\/en\/dentist\/"},{"@type":"ListItem","position":2,"name":"Contact"}]},{"@type":"WebSite","@id":"https:\/\/www.rinodent.istanbul\/en\/#website","url":"https:\/\/www.rinodent.istanbul\/en\/","name":"","description":"","potentialAction":[{"@type":"SearchAction","target":{"@type":"EntryPoint","urlTemplate":"https:\/\/www.rinodent.istanbul\/en\/?s={search_term_string}"},"query-input":"required name=search_term_string"}],"inLanguage":"en-US"}]}},"_links":{"self":[{"href":"https:\/\/www.rinodent.istanbul\/en\/wp-json\/wp\/v2\/pages\/1716"}],"collection":[{"href":"https:\/\/www.rinodent.istanbul\/en\/wp-json\/wp\/v2\/pages"}],"about":[{"href":"https:\/\/www.rinodent.istanbul\/en\/wp-json\/wp\/v2\/types\/page"}],"author":[{"embeddable":true,"href":"https:\/\/www.rinodent.istanbul\/en\/wp-json\/wp\/v2\/users\/1"}],"replies":[{"embeddable":true,"href":"https:\/\/www.rinodent.istanbul\/en\/wp-json\/wp\/v2\/comments?post=1716"}],"version-history":[{"count":12,"href":"https:\/\/www.rinodent.istanbul\/en\/wp-json\/wp\/v2\/pages\/1716\/revisions"}],"predecessor-version":[{"id":2041,"href":"https:\/\/www.rinodent.istanbul\/en\/wp-json\/wp\/v2\/pages\/1716\/revisions\/2041"}],"wp:attachment":[{"href":"https:\/\/www.rinodent.istanbul\/en\/wp-json\/wp\/v2\/media?parent=1716"}],"curies":[{"name":"wp","href":"https:\/\/api.w.org\/{rel}","templated":true}]}}